{"id":31,"date":"2017-03-27T20:03:26","date_gmt":"2017-03-27T18:03:26","guid":{"rendered":"http:\/\/pension-schorfheide-chorin.de\/?page_id=31"},"modified":"2017-06-22T07:30:36","modified_gmt":"2017-06-22T05:30:36","slug":"ausflugsziele","status":"publish","type":"page","link":"http:\/\/pension-schorfheide-chorin.de\/index.php\/ausflugsziele\/","title":{"rendered":"Ausflugsziele"},"content":{"rendered":"<p><img data-attachment-id=\"122\" data-permalink=\"http:\/\/pension-schorfheide-chorin.de\/index.php\/beispiel-seite\/img_2238\/\" data-orig-file=\"https:\/\/i0.wp.com\/pension-schorfheide-chorin.de\/wp-content\/uploads\/2017\/03\/IMG_2238.jpg?fit=3264%2C2448\" data-orig-size=\"3264,2448\" data-comments-opened=\"1\" data-image-meta=\"{&quot;aperture&quot;:&quot;2.2&quot;,&quot;credit&quot;:&quot;&quot;,&quot;camera&quot;:&quot;iPhone 5s&quot;,&quot;caption&quot;:&quot;&quot;,&quot;created_timestamp&quot;:&quot;1493210968&quot;,&quot;copyright&quot;:&quot;&quot;,&quot;focal_length&quot;:&quot;4.15&quot;,&quot;iso&quot;:&quot;32&quot;,&quot;shutter_speed&quot;:&quot;0.00173010380623&quot;,&quot;title&quot;:&quot;&quot;,&quot;orientation&quot;:&quot;0&quot;}\" data-image-title=\"IMG_2238\" data-image-description=\"\" data-image-caption=\"\" data-medium-file=\"https:\/\/i0.wp.com\/pension-schorfheide-chorin.de\/wp-content\/uploads\/2017\/03\/IMG_2238.jpg?fit=300%2C225\" data-large-file=\"https:\/\/i0.wp.com\/pension-schorfheide-chorin.de\/wp-content\/uploads\/2017\/03\/IMG_2238.jpg?fit=648%2C486\" loading=\"lazy\" class=\"alignnone size-medium wp-image-122\" src=\"https:\/\/i0.wp.com\/pensionserwestsee.de\/wp-content\/uploads\/2017\/02\/IMG_0606-225x300.jpg?resize=225%2C300\" alt=\"\" width=\"225\" height=\"300\" data-recalc-dims=\"1\" \/><\/p>\n<p>In gerade mal 70 Kilometern Entfernung kann man die Bundeshauptstadt Berlin besuchen.<\/p>\n<p>&nbsp;<\/p>\n<p><img loading=\"lazy\" class=\"alignnone size-medium wp-image-104\" src=\"https:\/\/i0.wp.com\/pensionserwestsee.de\/wp-content\/uploads\/2017\/02\/P1020250-300x225.jpg?resize=300%2C225\" alt=\"\" width=\"300\" height=\"225\" data-recalc-dims=\"1\" \/><\/p>\n<p>In ca. 15 Kilometern kommt man zum Naturaussichtspunkt Alth\u00fcttendorf. Im Herbst und im Fr\u00fchling sammeln sich hier Kraniche, Wildg\u00e4nse, Kormorane, Silberreiher und viele weitere Wilde Tiere.<\/p>\n<p>&nbsp;<\/p>\n<p>Ein Ausflug nach Hohenwutzen zum gro\u00dfen\u00a0Einkaufsmarkt in Polen lohnt sich immer und ist in gerade mal 35 Kilometern erreichbar.<\/p>\n<p>&nbsp;<\/p>\n<h4>Weitere Ziele<\/h4>\n<p>&nbsp;<\/p>\n<p>Besuchen sie das\u00a0<a href=\"https:\/\/www.brodowin.de\">\u00d6kodorf Brodowin<\/a><\/p>\n<p>Bernau bei Berlin ca 55 km<\/p>\n<p>Das sehenswerte\u00a0<a href=\"http:\/\/www.kloster-chorin.org\">Kloster Chorin<\/a>\u00a0mit seinen kulturellen H\u00f6hepunkten ( z.B. Musiksommer ) erreichen sie in 7 km<\/p>\n<p>In etwa 17km Entfernung kann man den wundersch\u00f6nen <a href=\"http:\/\/zoo.eberswalde.de\">Eberswalder Zoo\u00a0<\/a>besuchen.<\/p>\n<p><img loading=\"lazy\" class=\"alignnone size-medium wp-image-121\" src=\"https:\/\/i0.wp.com\/pensionserwestsee.de\/wp-content\/uploads\/2017\/02\/IMG_0649-225x300.jpg?resize=225%2C300\" alt=\"\" width=\"225\" height=\"300\" data-recalc-dims=\"1\" \/><\/p>\n<p>Klein aber fein\u00a0<a href=\"http:\/\/www.tierpark.angermuende.de\/cms\/front_content.php\">Tierpark Angerm\u00fcnde<\/a>\u00a0in 7 km<\/p>\n<p>F\u00fcr jeden was dabei\u00a0<a href=\"http:\/\/www.familiengarten-eberswalde.de\">Familienpark Eberswalde<\/a>\u00a0in 17 km<\/p>\n<p>Das Naturerlebnis Nabu\u00a0<a href=\"https:\/\/blumberger-muehle.nabu.de\">Blumberger M\u00fchle Angerm\u00fcnde<\/a>\u00a0in 7 km<\/p>\n<p>Eiszeit\u00a0<a href=\"http:\/\/www.geopark-eiszeitland.de\">Geopark Gro\u00df Ziethen<\/a>\u00a03 km<\/p>\n<p>Buchenwald\u00a0<a href=\"http:\/\/www.weltnaturerbe-grumsin.de\">Weltnaturerbe Grumsin<\/a><\/p>\n<p>Einen sch\u00f6nen Tag kann man unter anderem im\u00a0<a href=\"http:\/\/www.wildpark-schorfheide.de\/de\/\">Wildpark Schorfheide<\/a>\u00a0erleben. Sie k\u00f6nnen das Wolfsrudel, Fischotter, Elche und viele mehr in ca. 40km Entfernung antreffen.<\/p>\n<p><img loading=\"lazy\" class=\"alignnone size-medium wp-image-83\" src=\"https:\/\/i0.wp.com\/pensionserwestsee.de\/wp-content\/uploads\/2017\/02\/P1020178-300x225.jpg?resize=300%2C225\" alt=\"\" width=\"300\" height=\"225\" data-recalc-dims=\"1\" \/><img data-attachment-id=\"163\" data-permalink=\"http:\/\/pension-schorfheide-chorin.de\/cropped-img_2246-jpg\/\" data-orig-file=\"https:\/\/i0.wp.com\/pension-schorfheide-chorin.de\/wp-content\/uploads\/2017\/03\/cropped-IMG_2246.jpg?fit=1920%2C908\" data-orig-size=\"1920,908\" data-comments-opened=\"1\" data-image-meta=\"{&quot;aperture&quot;:&quot;2.2&quot;,&quot;credit&quot;:&quot;&quot;,&quot;camera&quot;:&quot;iPhone 5s&quot;,&quot;caption&quot;:&quot;&quot;,&quot;created_timestamp&quot;:&quot;1493211065&quot;,&quot;copyright&quot;:&quot;&quot;,&quot;focal_length&quot;:&quot;4.15&quot;,&quot;iso&quot;:&quot;32&quot;,&quot;shutter_speed&quot;:&quot;0.000730994152047&quot;,&quot;title&quot;:&quot;&quot;,&quot;orientation&quot;:&quot;0&quot;}\" data-image-title=\"cropped-IMG_2246.jpg\" data-image-description=\"\" data-image-caption=\"\" data-medium-file=\"https:\/\/i0.wp.com\/pension-schorfheide-chorin.de\/wp-content\/uploads\/2017\/03\/cropped-IMG_2246.jpg?fit=300%2C142\" data-large-file=\"https:\/\/i0.wp.com\/pension-schorfheide-chorin.de\/wp-content\/uploads\/2017\/03\/cropped-IMG_2246.jpg?fit=648%2C306\" loading=\"lazy\" class=\"alignnone size-medium wp-image-163\" src=\"https:\/\/i0.wp.com\/pensionserwestsee.de\/wp-content\/uploads\/2017\/02\/P1020148-300x225.jpg?resize=300%2C225\" alt=\"\" width=\"300\" height=\"225\" data-recalc-dims=\"1\" \/>\u00a0<img data-attachment-id=\"164\" data-permalink=\"http:\/\/pension-schorfheide-chorin.de\/cropped-p1020379-jpg\/\" data-orig-file=\"https:\/\/i0.wp.com\/pension-schorfheide-chorin.de\/wp-content\/uploads\/2017\/03\/cropped-P1020379.jpg?fit=1323%2C1201\" data-orig-size=\"1323,1201\" data-comments-opened=\"1\" data-image-meta=\"{&quot;aperture&quot;:&quot;2.8&quot;,&quot;credit&quot;:&quot;&quot;,&quot;camera&quot;:&quot;DMC-FZ72&quot;,&quot;caption&quot;:&quot;&quot;,&quot;created_timestamp&quot;:&quot;1492424525&quot;,&quot;copyright&quot;:&quot;&quot;,&quot;focal_length&quot;:&quot;3.58&quot;,&quot;iso&quot;:&quot;100&quot;,&quot;shutter_speed&quot;:&quot;0.000769230769231&quot;,&quot;title&quot;:&quot;&quot;,&quot;orientation&quot;:&quot;1&quot;}\" data-image-title=\"cropped-P1020379.jpg\" data-image-description=\"&lt;p&gt;http:\/\/pension-schorfheide-chorin.de\/wp-content\/uploads\/2017\/03\/cropped-P1020379.jpg&lt;\/p&gt;\n\" data-image-caption=\"\" data-medium-file=\"https:\/\/i0.wp.com\/pension-schorfheide-chorin.de\/wp-content\/uploads\/2017\/03\/cropped-P1020379.jpg?fit=300%2C272\" data-large-file=\"https:\/\/i0.wp.com\/pension-schorfheide-chorin.de\/wp-content\/uploads\/2017\/03\/cropped-P1020379.jpg?fit=648%2C589\" loading=\"lazy\" class=\"alignnone size-medium wp-image-164\" src=\"https:\/\/i0.wp.com\/pensionserwestsee.de\/wp-content\/uploads\/2017\/02\/P1020140-300x225.jpg?resize=300%2C225\" alt=\"\" width=\"300\" height=\"225\" data-recalc-dims=\"1\" \/><\/p>\n<p>Ab aufs Wasser und\u00a0<a href=\"http:\/\/marina-werbellinsee.de\/\">Solarbootfahren<\/a>\u00a0auf dem Werbellinsee.<\/p>\n<p>Das\u00a0<a href=\"http:\/\/www.schiffshebewerk-niederfinow.info\">Schiffshebewerk Niederfinow<\/a>\u00a0mit 60 Meter H\u00f6he das Gr\u00f6\u00dfte seiner Art auf der ganzen Welt.\u00a0Gleich nebenan kann man auch das sich in Bau befindende neue Schiffshebewerk betrachten.<\/p>\n<p>Ebenso k\u00f6nnen Sie den Nationalpark Unteres Odertal begutachten.<\/p>\n<p>Besuchen Sie die Westernstadt Templin<\/p>\n<p>Fahren Sie Wasserski in Ruhlsdorf<\/p>\n<p>Spazieren Sie durch den forstbotanischen Garten in Eberswalde<\/p>\n<p>Zuletzt gibt es in Bad Freienwalde noch die n\u00f6rdlichste Skisprungschanze Deutschlands zu bestaunen.<\/p>\n","protected":false},"excerpt":{"rendered":"<p>In gerade mal 70 Kilometern Entfernung kann man die Bundeshauptstadt Berlin besuchen. &nbsp; In ca. 15 Kilometern kommt man zum Naturaussichtspunkt Alth\u00fcttendorf. Im Herbst und im Fr\u00fchling sammeln sich hier Kraniche, Wildg\u00e4nse, Kormorane, Silberreiher und viele weitere Wilde Tiere. &nbsp; Ein Ausflug nach Hohenwutzen zum gro\u00dfen\u00a0Einkaufsmarkt in Polen lohnt sich immer und ist in gerade [&hellip;]<\/p>\n","protected":false},"author":1,"featured_media":0,"parent":0,"menu_order":0,"comment_status":"closed","ping_status":"closed","template":"","meta":[],"aioseo_notices":[],"jetpack_sharing_enabled":true,"jetpack_shortlink":"https:\/\/wp.me\/P8xeBq-v","jetpack-related-posts":[{"id":17,"url":"http:\/\/pension-schorfheide-chorin.de\/index.php\/impressum\/","url_meta":{"origin":31,"position":0},"title":"Impressum\/Disclaimer\/Datenschutzerkl\u00e4rung","date":"22. M\u00e4rz 2017","format":false,"excerpt":"Angaben gem\u00e4\u00df \u00a7 5 TMG: Simone Baumunk Pension \/ Restaurant Serwester Dorfstrasse 39 16230 Chorin\u00a0OT Serwest Kontakt: Telefon: 033364\/50878 E-Mail: kontakt@pension-schorfheide-chorin.de Haftungsausschluss (Disclaimer) Haftung f\u00fcr Inhalte Als Diensteanbieter sind wir gem\u00e4\u00df \u00a7 7 Abs.1 TMG f\u00fcr eigene Inhalte auf diesen Seiten nach den allgemeinen Gesetzen verantwortlich. Nach \u00a7\u00a7 8 bis\u2026","rel":"","context":"\u00c4hnlicher Beitrag","img":{"alt_text":"","src":"","width":0,"height":0},"classes":[]},{"id":2,"url":"http:\/\/pension-schorfheide-chorin.de\/","url_meta":{"origin":31,"position":1},"title":"Willkommen","date":"22. M\u00e4rz 2017","format":false,"excerpt":"Herzlich Willkommen in unserer Pension Seeterrasse mit Restaurant. Unser kleines Urlaubsparadies liegt im Biosph\u00e4renreservat Schorfheide-Chorin am Serwester See. Hier k\u00f6nnen Sie dem stressigen Alltag entfliehen und sich entspannen. Wenn Sie Ruhe und die pure Natur suchen, sind Sie hier genau richtig. Wir liegen au\u00dferhalb der Ortschaft Chorin im Ortsteil Serwest\u2026","rel":"","context":"\u00c4hnlicher Beitrag","img":{"alt_text":"","src":"https:\/\/i0.wp.com\/pension-schorfheide-chorin.de\/wp-content\/uploads\/2022\/07\/img_7643-scaled.jpg?resize=350%2C200","width":350,"height":200},"classes":[]},{"id":34,"url":"http:\/\/pension-schorfheide-chorin.de\/index.php\/zimmer\/","url_meta":{"origin":31,"position":2},"title":"Zimmer und Preise","date":"27. M\u00e4rz 2017","format":false,"excerpt":"\u00a0Doppelzimmer Die meisten unserer Zimmer sind f\u00fcr zwei Personen ausgelegt. Sie bieten Schlafm\u00f6glichkeiten in einem Doppelbett f\u00fcr bis zu zwei Personen. Preise: Eine Person inkl. Fr\u00fchst\u00fcck: 49\u20ac pro Nacht Zwei Personen inkl. Fr\u00fchst\u00fcck: 84\u20ac pro Nacht Ein Doppelzimmer hat auch eine Minik\u00fcche, der Preis liegt hier ohne Fr\u00fchst\u00fcck bei 80\u20ac\u2026","rel":"","context":"\u00c4hnlicher Beitrag","img":{"alt_text":"","src":"https:\/\/i0.wp.com\/pension-schorfheide-chorin.de\/wp-content\/uploads\/2022\/07\/image.jpg?resize=350%2C200","width":350,"height":200},"classes":[]},{"id":28,"url":"http:\/\/pension-schorfheide-chorin.de\/index.php\/restaurant\/","url_meta":{"origin":31,"position":3},"title":"Restaurant","date":"27. M\u00e4rz 2017","format":false,"excerpt":"Unser gem\u00fctliches Restaurant Seeterrasse mit einem traumhaften Blick \u00fcber den See, verf\u00fcgt \u00fcber 50 Sitzpl\u00e4tze. Direkt am sch\u00f6nen Serwester See bietet unser Aussenbereich Platz f\u00fcr 50 G\u00e4ste. Die Bezahlung ist nur in Bar m\u00f6glich! Unser Saal: Unser Saal kann f\u00fcr kleinere und gr\u00f6\u00dfere Feiern und Tagungen genutzt werden. Gerne k\u00f6nnen\u2026","rel":"","context":"\u00c4hnlicher Beitrag","img":{"alt_text":"","src":"","width":0,"height":0},"classes":[]}],"_links":{"self":[{"href":"http:\/\/pension-schorfheide-chorin.de\/index.php\/wp-json\/wp\/v2\/pages\/31"}],"collection":[{"href":"http:\/\/pension-schorfheide-chorin.de\/index.php\/wp-json\/wp\/v2\/pages"}],"about":[{"href":"http:\/\/pension-schorfheide-chorin.de\/index.php\/wp-json\/wp\/v2\/types\/page"}],"author":[{"embeddable":true,"href":"http:\/\/pension-schorfheide-chorin.de\/index.php\/wp-json\/wp\/v2\/users\/1"}],"replies":[{"embeddable":true,"href":"http:\/\/pension-schorfheide-chorin.de\/index.php\/wp-json\/wp\/v2\/comments?post=31"}],"version-history":[{"count":10,"href":"http:\/\/pension-schorfheide-chorin.de\/index.php\/wp-json\/wp\/v2\/pages\/31\/revisions"}],"predecessor-version":[{"id":223,"href":"http:\/\/pension-schorfheide-chorin.de\/index.php\/wp-json\/wp\/v2\/pages\/31\/revisions\/223"}],"wp:attachment":[{"href":"http:\/\/pension-schorfheide-chorin.de\/index.php\/wp-json\/wp\/v2\/media?parent=31"}],"curies":[{"name":"wp","href":"https:\/\/api.w.org\/{rel}","templated":true}]}}